{"id":1878,"date":"2021-04-26T10:52:08","date_gmt":"2021-04-26T08:52:08","guid":{"rendered":"https:\/\/mazurskie.tropy.net\/?page_id=1878"},"modified":"2026-04-13T12:23:31","modified_gmt":"2026-04-13T10:23:31","slug":"baza-zawodow-2","status":"publish","type":"page","link":"https:\/\/mazurskie.tropy.net\/index.php\/baza-zawodow-2\/","title":{"rendered":"Baza zawod\u00f3w"},"content":{"rendered":"<div data-colibri-id=\"1878-c1\" class=\"style-1006 style-local-1878-c1 position-relative\">\n  <!---->\n  <div data-colibri-component=\"section\" data-colibri-id=\"1878-c2\" id=\"custom\" class=\"h-section h-section-global-spacing d-flex align-items-lg-center align-items-md-center align-items-center style-1062 style-local-1878-c2 position-relative\">\n    <!---->\n    <!---->\n    <div class=\"h-section-grid-container h-section-boxed-container\">\n      <!---->\n      <div data-colibri-id=\"1878-c3\" class=\"h-row-container gutters-row-lg-2 gutters-row-md-2 gutters-row-0 gutters-row-v-lg-2 gutters-row-v-md-2 gutters-row-v-2 style-1063 style-local-1878-c3 position-relative\">\n        <!---->\n        <div class=\"h-row justify-content-lg-center justify-content-md-center justify-content-center align-items-lg-stretch align-items-md-stretch align-items-stretch gutters-col-lg-2 gutters-col-md-2 gutters-col-0 gutters-col-v-lg-2 gutters-col-v-md-2 gutters-col-v-2\">\n          <!---->\n          <div class=\"h-column h-column-container d-flex h-col-lg-auto h-col-md-auto h-col-auto style-1064-outer style-local-1878-c4-outer\">\n            <div data-colibri-id=\"1878-c4\" class=\"d-flex h-flex-basis h-column__inner h-px-lg-2 h-px-md-2 h-px-2 v-inner-lg-2 v-inner-md-2 v-inner-2 style-1064 style-local-1878-c4 position-relative\">\n              <!---->\n              <!---->\n              <div class=\"w-100 h-y-container h-column__content h-column__v-align flex-basis-100 align-self-lg-start align-self-md-start align-self-start\">\n                <!---->\n                <div data-colibri-id=\"1878-c5\" class=\"h-text h-text-component style-1065 style-local-1878-c5 position-relative h-element\">\n                  <!---->\n                  <!---->\n                  <div class=\"\">\n                    <p><span style=\"color: rgb(0, 0, 0); font-family: &quot;Open Sans&quot;; font-size: 16px; font-weight: 400;\">Baza zawod\u00f3w Mazurskie Tropy 2026:&nbsp;<\/span>\n                      <a href=\"https:\/\/maps.app.goo.gl\/jUHEh4b6VJBan6yU7\" style=\"color: rgb(0, 0, 0); font-family: &quot;Open Sans&quot;; font-size: 1em; font-weight: 400;\"\n                        class=\"customize-unpreviewable\"><strong>O\u015brodek Sportu i rekreacji w Ornecie.<\/strong><\/a><span style=\"color: rgb(0, 0, 0); font-family: &quot;Open Sans&quot;; font-size: 16px; font-weight: 400;\">&nbsp;Baza po\u0142o\u017cona jest w malowniczym warmi\u0144skim miasteczku nad. jez. Mieczowym.<\/span><\/p>\n                    <p>\n                      <br>\n                    <\/p>\n                    <p><span style=\"font-weight: 400; font-size: 16px; font-family: &quot;Open Sans&quot;; color: rgb(0, 0, 0);\">Mo\u017cna dojecha\u0107 PKP (stacja Orneta) lub PKS z Olsztyna (1h \u2013&nbsp;<\/span>\n                      <a href=\"https:\/\/expressbus.info\/rozklad\/olsztyn-orneta\"\n                        style=\"font-weight: 400; font-size: 1em; font-family: &quot;Open Sans&quot;; color: rgb(0, 0, 0);\" class=\"customize-unpreviewable\">ExpressBus<\/a><span style=\"font-weight: 400; font-size: 16px; font-family: &quot;Open Sans&quot;; color: rgb(0, 0, 0);\">,&nbsp;<\/span>\n                      <a href=\"https:\/\/www.radex.net.pl\/index.php\/9-rozklad\/5-olsztyn-orneta-przez-dobre-miasto\" style=\"font-weight: 400; font-size: 1em; font-family: &quot;Open Sans&quot;; color: rgb(0, 0, 0);\"\n                        class=\"customize-unpreviewable\">Radex<\/a><span style=\"font-weight: 400; font-size: 16px; font-family: &quot;Open Sans&quot;; color: rgb(0, 0, 0);\">).&nbsp;Dojazd autem: z Warszawy 3.15 h, z Olsztyna 1h, z Gda\u0144ska 1,5h.&nbsp;<\/span><\/p>\n                    <p><strong style=\"font-weight: 400; font-size: 16px; font-family: &quot;Open Sans&quot;; color: rgb(0, 0, 0);\">Zapewniamy dwa noclegi na sali gimnastycznej (na w\u0142asnej karimacie\/ materacu). <\/strong><\/p>\n                    <p><strong style=\"font-weight: 400; font-size: 16px; font-family: &quot;Open Sans&quot;; color: rgb(0, 0, 0);\">Na hali obowi\u0105zuje zakaz palenia papieros\u00f3w (tak\u017ce elektronicznych) i&nbsp;innych u\u017cywek , zakaz wnoszenia i spo\u017cywania&nbsp;alkoholu (innych substancji psychotropowych), zakaz wnoszenia i spo\u017cywania na sali g\u0142\u00f3wnej ciep\u0142ych napoj\u00f3w i potraw (mo\u017cna na korytarzu), korzystanie z parkietu tylko w obuwiu halowym.&nbsp;<\/strong>\n                      <span\n                        style=\"font-weight: 400; font-size: 16px; font-family: &quot;Open Sans&quot;; color: rgb(0, 0, 0);\">&nbsp;Mo\u017cna nocowa\u0107 tak\u017ce w namiocie \u2013 blisko OSiR, na terenie s\u0105siedniej szko\u0142y zosta\u0142 wydzielony zielony teren dla zawodnik\u00f3w.&nbsp;<\/span>\n                    <\/p>\n                    <p><span style=\"font-weight: 400; font-size: 16px; font-family: &quot;Open Sans&quot;; color: rgb(0, 0, 0);\">W razie potrzeby, w okolicy bazy mo\u017cna znale\u017a\u0107 tak\u017ce prywatne miejsca noclegowe, kwatery agroturystyczne. W ramach OSiR funkcjonuje hotel sportowy OLIMP, gdzie tak\u017ce mo\u017cna wynaj\u0105\u0107 pokoje.&nbsp;<\/span><\/p>\n                    <p><span style=\"font-weight: 400; font-size: 16px; font-family: &quot;Open Sans&quot;; color: rgb(0, 0, 0);\">Spis kwater: https:\/\/orneta.pl\/artykuly\/lokalizacje-turystyczne-noclegi<\/span><\/p>\n                  <\/div>\n                <\/div>\n              <\/div>\n            <\/div>\n          <\/div>\n        <\/div>\n      <\/div>\n    <\/div>\n  <\/div>\n<\/div>","protected":false},"excerpt":{"rendered":"<p>Baza zawod\u00f3w Mazurskie Tropy 2026:&nbsp; O\u015brodek Sportu i rekreacji w Ornecie.&nbsp;Baza po\u0142o\u017cona jest w malowniczym warmi\u0144skim miasteczku nad. jez. Mieczowym. Mo\u017cna dojecha\u0107 PKP (stacja Orneta) lub PKS z Olsztyna (1h \u2013&nbsp; ExpressBus,&nbsp; Radex).&nbsp;Dojazd autem: z Warszawy 3.15 h, z Olsztyna 1h, z Gda\u0144ska 1,5h.&nbsp; Zapewniamy dwa noclegi na sali gimnastycznej (na w\u0142asnej karimacie\/ materacu). Na hali obowi\u0105zuje zakaz palenia papieros\u00f3w (tak\u017ce elektronicznych) i&nbsp;innych u\u017cywek , zakaz wnoszenia i spo\u017cywania&nbsp;alkoholu (innych substancji psychotropowych), zakaz wnoszenia i [&hellip;]<\/p>\n","protected":false},"author":2,"featured_media":0,"parent":0,"menu_order":0,"comment_status":"closed","ping_status":"closed","template":"page-templates\/full-width-page.php","meta":[],"_links":{"self":[{"href":"https:\/\/mazurskie.tropy.net\/index.php\/wp-json\/wp\/v2\/pages\/1878"}],"collection":[{"href":"https:\/\/mazurskie.tropy.net\/index.php\/wp-json\/wp\/v2\/pages"}],"about":[{"href":"https:\/\/mazurskie.tropy.net\/index.php\/wp-json\/wp\/v2\/types\/page"}],"author":[{"embeddable":true,"href":"https:\/\/mazurskie.tropy.net\/index.php\/wp-json\/wp\/v2\/users\/2"}],"replies":[{"embeddable":true,"href":"https:\/\/mazurskie.tropy.net\/index.php\/wp-json\/wp\/v2\/comments?post=1878"}],"version-history":[{"count":20,"href":"https:\/\/mazurskie.tropy.net\/index.php\/wp-json\/wp\/v2\/pages\/1878\/revisions"}],"predecessor-version":[{"id":5397,"href":"https:\/\/mazurskie.tropy.net\/index.php\/wp-json\/wp\/v2\/pages\/1878\/revisions\/5397"}],"wp:attachment":[{"href":"https:\/\/mazurskie.tropy.net\/index.php\/wp-json\/wp\/v2\/media?parent=1878"}],"curies":[{"name":"wp","href":"https:\/\/api.w.org\/{rel}","templated":true}]}}