{"id":2382,"date":"2022-01-08T21:36:19","date_gmt":"2022-01-08T20:36:19","guid":{"rendered":"https:\/\/mazurskie.tropy.net\/?page_id=2382"},"modified":"2022-01-22T23:02:41","modified_gmt":"2022-01-22T22:02:41","slug":"2018-2","status":"publish","type":"page","link":"https:\/\/mazurskie.tropy.net\/index.php\/2018-2\/","title":{"rendered":"2018"},"content":{"rendered":"<div data-colibri-id=\"2382-c1\" class=\"style-744 style-local-2382-c1 position-relative\">\r\n  <!---->\r\n  <div data-colibri-component=\"section\" data-colibri-id=\"2382-c2\" id=\"overlappable\" class=\"h-section h-section-global-spacing d-flex align-items-lg-center align-items-md-center align-items-center style-745 style-local-2382-c2 position-relative\">\r\n    <!---->\r\n    <!---->\r\n    <div class=\"h-section-grid-container h-section-boxed-container\">\r\n      <!---->\r\n      <div data-colibri-id=\"2382-c3\" class=\"h-row-container gutters-row-lg-2 gutters-row-md-0 gutters-row-2 gutters-row-v-lg-2 gutters-row-v-md-0 gutters-row-v-2 style-746 style-local-2382-c3 position-relative\">\r\n        <!---->\r\n        <div class=\"h-row justify-content-lg-center justify-content-md-center justify-content-center align-items-lg-stretch align-items-md-stretch align-items-stretch gutters-col-lg-2 gutters-col-md-0 gutters-col-2 gutters-col-v-lg-2 gutters-col-v-md-0 gutters-col-v-2\">\r\n          <!---->\r\n          <div class=\"h-column h-column-container d-flex h-col-lg-4 h-col-md-4 h-col-12 style-747-outer style-local-2382-c4-outer\">\r\n            <div data-colibri-id=\"2382-c4\" class=\"d-flex h-flex-basis h-column__inner h-px-lg-2 h-px-md-3 h-px-2 v-inner-lg-0 v-inner-md-3 v-inner-2 style-747 style-local-2382-c4 position-relative\">\r\n              <!---->\r\n              <!---->\r\n              <div class=\"w-100 h-y-container h-column__content h-column__v-align flex-basis-100 align-self-lg-start align-self-md-start align-self-start\">\r\n                <!---->\r\n                <div data-colibri-id=\"2382-c5\" class=\"h-icon style-748 style-local-2382-c5 position-relative h-element\">\r\n                  <!----><span class=\"h-svg-icon h-icon__icon style-748-icon style-local-2382-c5-icon\"><!--Icon by Icons8 Line Awesome (https:\/\/icons8.com\/line-awesome)--><svg version=\"1.1\" xmlns=\"http:\/\/www.w3.org\/2000\/svg\" xmlns:xlink=\"http:\/\/www.w3.org\/1999\/xlink\" id=\"database\" viewBox=\"0 0 512 545.5\"><path d=\"M80 96h320v384H80V96zm32 32v80h256v-80H112zm0 112v96h256v-96H112zm0 128v80h256v-80H112z\"><\/path><\/svg><\/span><\/div>\r\n                <div\r\n                  data-colibri-id=\"2382-c6\" class=\"h-global-transition-all h-heading style-749 style-local-2382-c6 position-relative h-element\">\r\n                  <!---->\r\n                  <div class=\"h-heading__outer style-749 style-local-2382-c6\">\r\n                    <!---->\r\n                    <!---->\r\n                    <h5 class=\"\">wyniki<\/h5>\r\n                  <\/div>\r\n              <\/div>\r\n              <div data-colibri-id=\"2382-c30\" class=\"h-x-container style-757 style-local-2382-c30 position-relative h-element\">\r\n                <!---->\r\n                <div class=\"h-x-container-inner style-dynamic-2382-c30-group style-757-spacing style-local-2382-c30-spacing\"><span class=\"h-link__outer style-758-outer style-local-2382-c31-outer d-inline-flex h-element\"><a h-use-smooth-scroll=\"true\" href=\"https:\/\/mazurskie.tropy.net\/wp-content\/uploads\/2022\/01\/MT2018_Wyniki-TP50-i-TP25-i-TPR-WYNIKI-OSTATECZNE.pdf\"  data-colibri-id=\"2382-c31\" class=\"d-flex w-100 align-items-center h-link style-758 style-local-2382-c31 position-relative\"><!----><!----> <span>Wyniki ostateczne Trasy Piesze<\/span><\/a>\r\n                  <\/span>\r\n                <\/div>\r\n              <\/div>\r\n              <div data-colibri-id=\"2382-c32\" class=\"h-x-container style-759 style-local-2382-c32 position-relative h-element\">\r\n                <!---->\r\n                <div class=\"h-x-container-inner style-dynamic-2382-c32-group style-759-spacing style-local-2382-c32-spacing\"><span class=\"h-link__outer style-760-outer style-local-2382-c33-outer d-inline-flex h-element\"><a h-use-smooth-scroll=\"true\" href=\"https:\/\/mazurskie.tropy.net\/wp-content\/uploads\/2022\/01\/MT2018_Wyniki-TR130-i-TR50_ostateczne.pdf\"  data-colibri-id=\"2382-c33\" class=\"d-flex w-100 align-items-center h-link style-760 style-local-2382-c33 position-relative\"><!----><!----> <span>Wyniki ostateczne Trasy Rowerow<\/span><\/a>\r\n                  <\/span>\r\n                <\/div>\r\n              <\/div>\r\n            <\/div>\r\n          <\/div>\r\n        <\/div>\r\n        <div class=\"h-column h-column-container d-flex h-col-lg-4 h-col-md-4 h-col-12 style-747-outer style-local-2382-c8-outer\">\r\n          <div data-colibri-id=\"2382-c8\" class=\"d-flex h-flex-basis h-column__inner h-px-lg-2 h-px-md-3 h-px-2 v-inner-lg-0 v-inner-md-3 v-inner-2 style-747 style-local-2382-c8 position-relative\">\r\n            <!---->\r\n            <!---->\r\n            <div class=\"w-100 h-y-container h-column__content h-column__v-align flex-basis-100 align-self-lg-start align-self-md-start align-self-start\">\r\n              <!---->\r\n              <div data-colibri-id=\"2382-c9\" class=\"h-icon style-748 style-local-2382-c9 position-relative h-element\">\r\n                <!----><span class=\"h-svg-icon h-icon__icon style-748-icon style-local-2382-c9-icon\"><!--Icon by Font Awesome (https:\/\/fontawesome.com)--><svg version=\"1.1\" xmlns=\"http:\/\/www.w3.org\/2000\/svg\" xmlns:xlink=\"http:\/\/www.w3.org\/1999\/xlink\" id=\"map-signs\" viewBox=\"0 0 1792 1896.0833\"><path d=\"M1745 297q10 10 10 23t-10 23l-141 141q-28 28-68 28H192q-26 0-45-19t-19-45V192q0-26 19-45t45-19h576V64q0-26 19-45t45-19h128q26 0 45 19t19 45v64h512q40 0 68 28zm-977 919h256v512q0 26-19 45t-45 19H832q-26 0-45-19t-19-45v-512zm832-448q26 0 45 19t19 45v256q0 26-19 45t-45 19H256q-40 0-68-28L47 983q-10-10-10-23t10-23l141-141q28-28 68-28h512V576h256v192h576z\"><\/path><\/svg><\/span><\/div>\r\n              <div\r\n                data-colibri-id=\"2382-c10\" class=\"h-global-transition-all h-heading style-749 style-local-2382-c10 position-relative h-element\">\r\n                <!---->\r\n                <div class=\"h-heading__outer style-749 style-local-2382-c10\">\r\n                  <!---->\r\n                  <!---->\r\n                  <h5 class=\"\">mapy<\/h5>\r\n                <\/div>\r\n            <\/div>\r\n            <div data-colibri-id=\"2382-c36\" class=\"h-x-container style-763 style-local-2382-c36 position-relative h-element\">\r\n              <!---->\r\n              <div class=\"h-x-container-inner style-dynamic-2382-c36-group style-763-spacing style-local-2382-c36-spacing\"><span class=\"h-link__outer style-764-outer style-local-2382-c37-outer d-inline-flex h-element\"><a h-use-smooth-scroll=\"true\" href=\"https:\/\/mazurskie.tropy.net\/wp-content\/uploads\/2022\/01\/MT2018_TP25_wzorcowka-1-scaled.jpg\"  data-colibri-id=\"2382-c37\" class=\"d-flex w-100 align-items-center h-link style-764 style-local-2382-c37 position-relative\"><!----><!----> <span>TP 25<\/span><\/a>\r\n                <\/span>\r\n              <\/div>\r\n            <\/div>\r\n            <div data-colibri-id=\"2382-c38\" class=\"h-x-container style-765 style-local-2382-c38 position-relative h-element\">\r\n              <!---->\r\n              <div class=\"h-x-container-inner style-dynamic-2382-c38-group style-765-spacing style-local-2382-c38-spacing\"><span class=\"h-link__outer style-766-outer style-local-2382-c39-outer d-inline-flex h-element\"><a h-use-smooth-scroll=\"true\" href=\"https:\/\/mazurskie.tropy.net\/wp-content\/uploads\/2022\/01\/MT2018_TP50_W.optymalny-scaled.jpg\"  data-colibri-id=\"2382-c39\" class=\"d-flex w-100 align-items-center h-link style-766 style-local-2382-c39 position-relative\"><!----><!----> <span>TP 50<\/span><\/a>\r\n                <\/span>\r\n              <\/div>\r\n            <\/div>\r\n            <div data-colibri-id=\"2382-c40\" class=\"h-x-container style-767 style-local-2382-c40 position-relative h-element\">\r\n              <!---->\r\n              <div class=\"h-x-container-inner style-dynamic-2382-c40-group style-767-spacing style-local-2382-c40-spacing\"><span class=\"h-link__outer style-768-outer style-local-2382-c41-outer d-inline-flex h-element\"><a h-use-smooth-scroll=\"true\" href=\"https:\/\/mazurskie.tropy.net\/wp-content\/uploads\/2022\/01\/MT2018_TR50_wzorcowka-1-scaled.jpg\"  data-colibri-id=\"2382-c41\" class=\"d-flex w-100 align-items-center h-link style-768 style-local-2382-c41 position-relative\"><!----><!----> <span>TR 50<\/span><\/a>\r\n                <\/span>\r\n              <\/div>\r\n            <\/div>\r\n            <div data-colibri-id=\"2382-c34\" class=\"h-x-container style-761 style-local-2382-c34 position-relative h-element\">\r\n              <!---->\r\n              <div class=\"h-x-container-inner style-dynamic-2382-c34-group style-761-spacing style-local-2382-c34-spacing\"><span class=\"h-link__outer style-762-outer style-local-2382-c35-outer d-inline-flex h-element\"><a h-use-smooth-scroll=\"true\" href=\"https:\/\/mazurskie.tropy.net\/wp-content\/uploads\/2022\/01\/MT2018_TR130_wariant_budowniczego.jpg\"  data-colibri-id=\"2382-c35\" class=\"d-flex w-100 align-items-center h-link style-762 style-local-2382-c35 position-relative\"><!----><!----> <span>TR 130<\/span><\/a>\r\n                <\/span>\r\n              <\/div>\r\n            <\/div>\r\n          <\/div>\r\n        <\/div>\r\n      <\/div>\r\n    <\/div>\r\n  <\/div>\r\n<\/div>\r\n<\/div>\r\n<div data-colibri-component=\"section\" data-colibri-id=\"2382-c16\" id=\"overlappable-2\" class=\"h-section h-section-global-spacing d-flex align-items-lg-center align-items-md-center align-items-center style-751 style-local-2382-c16 position-relative\">\r\n  <!---->\r\n  <!---->\r\n  <div class=\"h-section-grid-container h-section-boxed-container\">\r\n    <!---->\r\n    <div data-colibri-id=\"2382-c17\" class=\"h-row-container gutters-row-lg-2 gutters-row-md-0 gutters-row-2 gutters-row-v-lg-2 gutters-row-v-md-0 gutters-row-v-2 style-752 style-local-2382-c17 position-relative\">\r\n      <!---->\r\n      <div class=\"h-row justify-content-lg-center justify-content-md-center justify-content-center align-items-lg-stretch align-items-md-stretch align-items-stretch gutters-col-lg-2 gutters-col-md-0 gutters-col-2 gutters-col-v-lg-2 gutters-col-v-md-0 gutters-col-v-2\">\r\n        <!---->\r\n        <div class=\"h-column h-column-container d-flex h-col-lg-4 h-col-md-4 h-col-12 style-753-outer style-local-2382-c18-outer\">\r\n          <div data-colibri-id=\"2382-c18\" class=\"d-flex h-flex-basis h-column__inner h-px-lg-2 h-px-md-3 h-px-2 v-inner-lg-0 v-inner-md-3 v-inner-2 style-753 style-local-2382-c18 position-relative\">\r\n            <!---->\r\n            <!---->\r\n            <div class=\"w-100 h-y-container h-column__content h-column__v-align flex-basis-100 align-self-lg-start align-self-md-start align-self-start\">\r\n              <!---->\r\n              <div data-colibri-id=\"2382-c19\" class=\"h-icon style-754 style-local-2382-c19 position-relative h-element\">\r\n                <!----><span class=\"h-svg-icon h-icon__icon style-754-icon style-local-2382-c19-icon\"><!--Icon by Font Awesome (https:\/\/fontawesome.com)--><svg version=\"1.1\" xmlns=\"http:\/\/www.w3.org\/2000\/svg\" xmlns:xlink=\"http:\/\/www.w3.org\/1999\/xlink\" id=\"newspaper-o\" viewBox=\"0 0 2048 1896.0833\"><path d=\"M1024 512H640v384h384V512zm128 640v128H512v-128h640zm0-768v640H512V384h640zm640 768v128h-512v-128h512zm0-256v128h-512V896h512zm0-256v128h-512V640h512zm0-256v128h-512V384h512zM256 1344V384H128v960q0 26 19 45t45 19 45-19 19-45zm1664 0V256H384v1088q0 33-11 64h1483q26 0 45-19t19-45zm128-1216v1216q0 80-56 136t-136 56H192q-80 0-136-56T0 1344V256h256V128h1792z\"><\/path><\/svg><\/span><\/div>\r\n              <div\r\n                data-colibri-id=\"2382-c20\" class=\"h-global-transition-all h-heading style-755 style-local-2382-c20 position-relative h-element\">\r\n                <!---->\r\n                <div class=\"h-heading__outer style-755 style-local-2382-c20\">\r\n                  <!---->\r\n                  <!---->\r\n                  <h5 class=\"\">relacje<\/h5>\r\n                <\/div>\r\n            <\/div>\r\n            <div data-colibri-id=\"2382-c42\" class=\"h-x-container style-769 style-local-2382-c42 position-relative h-element\">\r\n              <!---->\r\n              <div class=\"h-x-container-inner style-dynamic-2382-c42-group style-769-spacing style-local-2382-c42-spacing\"><span class=\"h-link__outer style-770-outer style-local-2382-c43-outer d-inline-flex h-element\"><a h-use-smooth-scroll=\"true\" href=\"http:\/\/seawolf688.bikestats.pl\/\"  data-colibri-id=\"2382-c43\" class=\"d-flex w-100 align-items-center h-link style-770 style-local-2382-c43 position-relative\"><!----><!----> <span>Relacja Piotra Ko\u0142odzieja <\/span><\/a>\r\n                <\/span>\r\n              <\/div>\r\n            <\/div>\r\n            <div data-colibri-id=\"2382-c46\" class=\"h-x-container style-773 style-local-2382-c46 position-relative h-element\">\r\n              <!---->\r\n              <div class=\"h-x-container-inner style-dynamic-2382-c46-group style-773-spacing style-local-2382-c46-spacing\"><span class=\"h-link__outer style-774-outer style-local-2382-c47-outer d-inline-flex h-element\"><a h-use-smooth-scroll=\"true\" href=\"\"  data-colibri-id=\"2382-c47\" class=\"d-flex w-100 align-items-center h-link style-774 style-local-2382-c47 position-relative\"><!----><!----> <span>Zdj\u0119cia Daniela Radzkiego (1 miejsce TR50) <\/span><\/a>\r\n                <\/span>\r\n              <\/div>\r\n            <\/div>\r\n            <div data-colibri-id=\"2382-c44\" class=\"h-x-container style-771 style-local-2382-c44 position-relative h-element\">\r\n              <!---->\r\n              <div class=\"h-x-container-inner style-dynamic-2382-c44-group style-771-spacing style-local-2382-c44-spacing\"><span class=\"h-link__outer style-772-outer style-local-2382-c45-outer d-inline-flex h-element\"><a h-use-smooth-scroll=\"true\" href=\"https:\/\/www.youtube.com\/watch?time_continue=8&amp;v=F37T4borNmM\"  data-colibri-id=\"2382-c45\" class=\"d-flex w-100 align-items-center h-link style-772 style-local-2382-c45 position-relative\"><!----><!----> <span>Film Renaty i Tomasza \u0141askich TP50  <\/span><\/a>\r\n                <\/span>\r\n              <\/div>\r\n            <\/div>\r\n            <div data-colibri-id=\"2382-c52\" class=\"h-x-container style-779 style-local-2382-c52 position-relative h-element\">\r\n              <!---->\r\n              <div class=\"h-x-container-inner style-dynamic-2382-c52-group style-779-spacing style-local-2382-c52-spacing\"><span class=\"h-link__outer style-780-outer style-local-2382-c53-outer d-inline-flex h-element\"><a h-use-smooth-scroll=\"true\" href=\"https:\/\/kinio1001.blogspot.com\/2018\/06\/a-bagno-na-to-no-pasaran.html?spref=fb\"  data-colibri-id=\"2382-c53\" class=\"d-flex w-100 align-items-center h-link style-780 style-local-2382-c53 position-relative\"><!----><!----> <span>Relacja Renaty \u0141askiej TP50  <\/span><\/a>\r\n                <\/span>\r\n              <\/div>\r\n            <\/div>\r\n            <div data-colibri-id=\"2382-c50\" class=\"h-x-container style-777 style-local-2382-c50 position-relative h-element\">\r\n              <!---->\r\n              <div class=\"h-x-container-inner style-dynamic-2382-c50-group style-777-spacing style-local-2382-c50-spacing\"><span class=\"h-link__outer style-778-outer style-local-2382-c51-outer d-inline-flex h-element\"><a h-use-smooth-scroll=\"true\" href=\"http:\/\/3drerun.worldofo.com\/2d\/index.php?idmult%5b0%5d=-495741&amp;idmult%5b1%5d=-495343&amp;idmult%5b2%5d=-495363&amp;idmult%5b3%5d=-495596&amp;idmult%5b4%5d=-495270&amp;idmult%5b5%5d=-495315\"  data-colibri-id=\"2382-c51\" class=\"d-flex w-100 align-items-center h-link style-778 style-local-2382-c51 position-relative\"><!----><!----> <span>Tracki TR130 <\/span><\/a>\r\n                <\/span>\r\n              <\/div>\r\n            <\/div>\r\n            <div data-colibri-id=\"2382-c48\" class=\"h-x-container style-775 style-local-2382-c48 position-relative h-element\">\r\n              <!---->\r\n              <div class=\"h-x-container-inner style-dynamic-2382-c48-group style-775-spacing style-local-2382-c48-spacing\"><span class=\"h-link__outer style-776-outer style-local-2382-c49-outer d-inline-flex h-element\"><a h-use-smooth-scroll=\"true\" href=\"http:\/\/3drerun.worldofo.com\/2d\/index.php?idmult[0]=-495327&amp;idmult[1]=-495145&amp;idmult[2]=-495146&amp;idmult[3]=-495465&amp;idmult[4]=-495316&amp;idmult[5]=-495344&amp;idmult[6]=-495408&amp;idmult[7]=-495903&amp;idmult[8]=-495312&amp;idmult[9]=-495754&amp;idmult[10]=-495147\"  data-colibri-id=\"2382-c49\" class=\"d-flex w-100 align-items-center h-link style-776 style-local-2382-c49 position-relative\"><!----><!----> <span>Tracki TP50 <\/span><\/a>\r\n                <\/span>\r\n              <\/div>\r\n            <\/div>\r\n          <\/div>\r\n        <\/div>\r\n      <\/div>\r\n      <div class=\"h-column h-column-container d-flex h-col-lg-4 h-col-md-4 h-col-12 style-753-outer style-local-2382-c22-outer\">\r\n        <div data-colibri-id=\"2382-c22\" class=\"d-flex h-flex-basis h-column__inner h-px-lg-2 h-px-md-3 h-px-2 v-inner-lg-0 v-inner-md-3 v-inner-2 style-753 style-local-2382-c22 position-relative\">\r\n          <!---->\r\n          <!---->\r\n          <div class=\"w-100 h-y-container h-column__content h-column__v-align flex-basis-100 align-self-lg-start align-self-md-start align-self-start\">\r\n            <!---->\r\n            <div data-colibri-id=\"2382-c23\" class=\"h-icon style-754 style-local-2382-c23 position-relative h-element\">\r\n              <!----><span class=\"h-svg-icon h-icon__icon style-754-icon style-local-2382-c23-icon\"><!--Icon by Font Awesome (https:\/\/fontawesome.com)--><svg version=\"1.1\" xmlns=\"http:\/\/www.w3.org\/2000\/svg\" xmlns:xlink=\"http:\/\/www.w3.org\/1999\/xlink\" id=\"photo\" viewBox=\"0 0 1920 1896.0833\"><path d=\"M640 576q0 80-56 136t-136 56-136-56-56-136 56-136 136-56 136 56 56 136zm1024 384v448H256v-192l320-320 160 160 512-512zm96-704H160q-13 0-22.5 9.5T128 288v1216q0 13 9.5 22.5t22.5 9.5h1600q13 0 22.5-9.5t9.5-22.5V288q0-13-9.5-22.5T1760 256zm160 32v1216q0 66-47 113t-113 47H160q-66 0-113-47T0 1504V288q0-66 47-113t113-47h1600q66 0 113 47t47 113z\"><\/path><\/svg><\/span><\/div>\r\n            <div\r\n              data-colibri-id=\"2382-c24\" class=\"h-global-transition-all h-heading style-755 style-local-2382-c24 position-relative h-element\">\r\n              <!---->\r\n              <div class=\"h-heading__outer style-755 style-local-2382-c24\">\r\n                <!---->\r\n                <!---->\r\n                <h5 class=\"\">Galeria<\/h5>\r\n              <\/div>\r\n          <\/div>\r\n          <div data-colibri-id=\"2382-c54\" class=\"h-x-container style-781 style-local-2382-c54 position-relative h-element\">\r\n            <!---->\r\n            <div class=\"h-x-container-inner style-dynamic-2382-c54-group style-781-spacing style-local-2382-c54-spacing\"><span class=\"h-link__outer style-782-outer style-local-2382-c55-outer d-inline-flex h-element\"><a h-use-smooth-scroll=\"true\" href=\"https:\/\/www.facebook.com\/MazurskieTropy\/photos?tab=album&amp;album_id=1003162219843998\"  data-colibri-id=\"2382-c55\" class=\"d-flex w-100 align-items-center h-link style-782 style-local-2382-c55 position-relative\"><!----><!----> <span>Galeria zdj\u0119\u0107 Mazurskie Tropy 2018<\/span><\/a>\r\n              <\/span>\r\n            <\/div>\r\n          <\/div>\r\n        <\/div>\r\n      <\/div>\r\n    <\/div>\r\n  <\/div>\r\n<\/div>\r\n<\/div>\r\n<\/div>\r\n<\/div>","protected":false},"excerpt":{"rendered":"<p>wyniki Wyniki ostateczne Trasy Piesze Wyniki ostateczne Trasy Rowerow mapy TP 25 TP 50 TR 50 TR 130 relacje Relacja Piotra Ko\u0142odzieja Zdj\u0119cia Daniela Radzkiego (1 miejsce TR50) Film Renaty i Tomasza \u0141askich TP50 Relacja Renaty \u0141askiej TP50 Tracki TR130 Tracki TP50 Galeria Galeria zdj\u0119\u0107 Mazurskie Tropy 2018<\/p>\n","protected":false},"author":1,"featured_media":0,"parent":0,"menu_order":0,"comment_status":"closed","ping_status":"closed","template":"page-templates\/full-width-page.php","meta":[],"_links":{"self":[{"href":"https:\/\/mazurskie.tropy.net\/index.php\/wp-json\/wp\/v2\/pages\/2382"}],"collection":[{"href":"https:\/\/mazurskie.tropy.net\/index.php\/wp-json\/wp\/v2\/pages"}],"about":[{"href":"https:\/\/mazurskie.tropy.net\/index.php\/wp-json\/wp\/v2\/types\/page"}],"author":[{"embeddable":true,"href":"https:\/\/mazurskie.tropy.net\/index.php\/wp-json\/wp\/v2\/users\/1"}],"replies":[{"embeddable":true,"href":"https:\/\/mazurskie.tropy.net\/index.php\/wp-json\/wp\/v2\/comments?post=2382"}],"version-history":[{"count":6,"href":"https:\/\/mazurskie.tropy.net\/index.php\/wp-json\/wp\/v2\/pages\/2382\/revisions"}],"predecessor-version":[{"id":2805,"href":"https:\/\/mazurskie.tropy.net\/index.php\/wp-json\/wp\/v2\/pages\/2382\/revisions\/2805"}],"wp:attachment":[{"href":"https:\/\/mazurskie.tropy.net\/index.php\/wp-json\/wp\/v2\/media?parent=2382"}],"curies":[{"name":"wp","href":"https:\/\/api.w.org\/{rel}","templated":true}]}}