{"id":2388,"date":"2022-01-08T21:36:58","date_gmt":"2022-01-08T20:36:58","guid":{"rendered":"https:\/\/mazurskie.tropy.net\/?page_id=2388"},"modified":"2022-01-23T10:57:42","modified_gmt":"2022-01-23T09:57:42","slug":"2021-2","status":"publish","type":"page","link":"https:\/\/mazurskie.tropy.net\/index.php\/2021-2\/","title":{"rendered":"2021"},"content":{"rendered":"<div data-colibri-id=\"2388-c1\" class=\"style-650 style-local-2388-c1 position-relative\">\n  <!---->\n  <div data-colibri-component=\"section\" data-colibri-id=\"2388-c2\" id=\"overlappable\" class=\"h-section h-section-global-spacing d-flex align-items-lg-center align-items-md-center align-items-center style-670 style-local-2388-c2 position-relative\">\n    <!---->\n    <!---->\n    <div class=\"h-section-grid-container h-section-boxed-container\">\n      <!---->\n      <div data-colibri-id=\"2388-c3\" class=\"h-row-container gutters-row-lg-2 gutters-row-md-0 gutters-row-2 gutters-row-v-lg-2 gutters-row-v-md-0 gutters-row-v-2 style-671 style-local-2388-c3 position-relative\">\n        <!---->\n        <div class=\"h-row justify-content-lg-center justify-content-md-center justify-content-center align-items-lg-stretch align-items-md-stretch align-items-stretch gutters-col-lg-2 gutters-col-md-0 gutters-col-2 gutters-col-v-lg-2 gutters-col-v-md-0 gutters-col-v-2\">\n          <!---->\n          <div class=\"h-column h-column-container d-flex h-col-lg-4 h-col-md-4 h-col-12 style-672-outer style-local-2388-c4-outer\">\n            <div data-colibri-id=\"2388-c4\" class=\"d-flex h-flex-basis h-column__inner h-px-lg-2 h-px-md-3 h-px-2 v-inner-lg-0 v-inner-md-3 v-inner-2 style-672 style-local-2388-c4 position-relative\">\n              <!---->\n              <!---->\n              <div class=\"w-100 h-y-container h-column__content h-column__v-align flex-basis-100 align-self-lg-start align-self-md-start align-self-start\">\n                <!---->\n                <div data-colibri-id=\"2388-c5\" class=\"h-icon style-684 style-local-2388-c5 position-relative h-element\">\n                  <!---->\n                  <a href=\"https:\/\/mazurskietropy.pl\/\" h-use-smooth-scroll=\"true\"><span class=\"h-svg-icon h-icon__icon style-684-icon style-local-2388-c5-icon\"><!--Icon by Icons8 Line Awesome (https:\/\/icons8.com\/line-awesome)--><svg version=\"1.1\" xmlns=\"http:\/\/www.w3.org\/2000\/svg\" xmlns:xlink=\"http:\/\/www.w3.org\/1999\/xlink\" id=\"database\" viewBox=\"0 0 512 545.5\"><path d=\"M80 96h320v384H80V96zm32 32v80h256v-80H112zm0 112v96h256v-96H112zm0 128v80h256v-80H112z\"><\/path><\/svg><\/span><\/a>\n                <\/div>\n                <div data-colibri-id=\"2388-c6\" class=\"h-global-transition-all h-heading style-674 style-local-2388-c6 position-relative h-element\">\n                  <!---->\n                  <div class=\"h-heading__outer style-674 style-local-2388-c6\">\n                    <!---->\n                    <!---->\n                    <h5 class=\"\">WYNIKI<\/h5>\n                  <\/div>\n                <\/div>\n                <div data-colibri-id=\"2388-c7\" class=\"h-x-container style-685 style-local-2388-c7 position-relative h-element\">\n                  <!---->\n                  <div class=\"h-x-container-inner style-dynamic-2388-c7-group style-685-spacing style-local-2388-c7-spacing\"><span class=\"h-link__outer style-686-outer style-local-2388-c8-outer d-inline-flex h-element\"><a h-use-smooth-scroll=\"true\" href=\"https:\/\/mazurskie.tropy.net\/wp-content\/uploads\/2022\/01\/Wyniki_MT-2021.pdf\"  data-colibri-id=\"2388-c8\" class=\"d-flex w-100 align-items-center h-link style-686 style-local-2388-c8 position-relative\"><!----><!----> <span>Wyniki ostateczne<\/span><\/a>\n                    <\/span>\n                  <\/div>\n                <\/div>\n              <\/div>\n            <\/div>\n          <\/div>\n          <div class=\"h-column h-column-container d-flex h-col-lg-4 h-col-md-4 h-col-12 style-672-outer style-local-2388-c9-outer\">\n            <div data-colibri-id=\"2388-c9\" class=\"d-flex h-flex-basis h-column__inner h-px-lg-2 h-px-md-3 h-px-2 v-inner-lg-0 v-inner-md-3 v-inner-2 style-672 style-local-2388-c9 position-relative\">\n              <!---->\n              <!---->\n              <div class=\"w-100 h-y-container h-column__content h-column__v-align flex-basis-100 align-self-lg-start align-self-md-start align-self-start\">\n                <!---->\n                <div data-colibri-id=\"2388-c10\" class=\"h-icon style-673 style-local-2388-c10 position-relative h-element\">\n                  <!----><span class=\"h-svg-icon h-icon__icon style-673-icon style-local-2388-c10-icon\"><!--Icon by Font Awesome (https:\/\/fontawesome.com)--><svg version=\"1.1\" xmlns=\"http:\/\/www.w3.org\/2000\/svg\" xmlns:xlink=\"http:\/\/www.w3.org\/1999\/xlink\" id=\"map-signs\" viewBox=\"0 0 1792 1896.0833\"><path d=\"M1745 297q10 10 10 23t-10 23l-141 141q-28 28-68 28H192q-26 0-45-19t-19-45V192q0-26 19-45t45-19h576V64q0-26 19-45t45-19h128q26 0 45 19t19 45v64h512q40 0 68 28zm-977 919h256v512q0 26-19 45t-45 19H832q-26 0-45-19t-19-45v-512zm832-448q26 0 45 19t19 45v256q0 26-19 45t-45 19H256q-40 0-68-28L47 983q-10-10-10-23t10-23l141-141q28-28 68-28h512V576h256v192h576z\"><\/path><\/svg><\/span><\/div>\n                <div\n                  data-colibri-id=\"2388-c11\" class=\"h-global-transition-all h-heading style-674 style-local-2388-c11 position-relative h-element\">\n                  <!---->\n                  <div class=\"h-heading__outer style-674 style-local-2388-c11\">\n                    <!---->\n                    <!---->\n                    <h5 class=\"\">MAPY<\/h5>\n                  <\/div>\n              <\/div>\n              <div data-colibri-id=\"2388-c12\" class=\"h-x-container style-697 style-local-2388-c12 position-relative h-element\">\n                <!---->\n                <div class=\"h-x-container-inner style-dynamic-2388-c12-group style-697-spacing style-local-2388-c12-spacing\"><span class=\"h-link__outer style-698-outer style-local-2388-c13-outer d-inline-flex h-element\"><a h-use-smooth-scroll=\"true\" href=\"https:\/\/mazurskie.tropy.net\/wp-content\/uploads\/2022\/01\/MT2021_TP25opty-1-scaled-1.jpg\"  data-colibri-id=\"2388-c13\" class=\"d-flex w-100 align-items-center h-link style-698 style-local-2388-c13 position-relative\"><!----><!----> <span>TP25<\/span><\/a>\n                  <\/span>\n                <\/div>\n              <\/div>\n              <div data-colibri-id=\"2388-c14\" class=\"h-x-container style-693 style-local-2388-c14 position-relative h-element\">\n                <!---->\n                <div class=\"h-x-container-inner style-dynamic-2388-c14-group style-693-spacing style-local-2388-c14-spacing\"><span class=\"h-link__outer style-694-outer style-local-2388-c15-outer d-inline-flex h-element\"><a h-use-smooth-scroll=\"true\" href=\"https:\/\/mazurskie.tropy.net\/wp-content\/uploads\/2022\/01\/MT2021_TP50_opty-1-scaled-1.jpg\"  data-colibri-id=\"2388-c15\" class=\"d-flex w-100 align-items-center h-link style-694 style-local-2388-c15 position-relative\"><!----><!----> <span>TP50<\/span><\/a>\n                  <\/span>\n                <\/div>\n              <\/div>\n              <div data-colibri-id=\"2388-c16\" class=\"h-x-container style-699 style-local-2388-c16 position-relative h-element\">\n                <!---->\n                <div class=\"h-x-container-inner style-dynamic-2388-c16-group style-699-spacing style-local-2388-c16-spacing\"><span class=\"h-link__outer style-700-outer style-local-2388-c17-outer d-inline-flex h-element\"><a h-use-smooth-scroll=\"true\" href=\"https:\/\/mazurskie.tropy.net\/wp-content\/uploads\/2022\/01\/MT2021_TR50_wariant.jpg\"  data-colibri-id=\"2388-c17\" class=\"d-flex w-100 align-items-center h-link style-700 style-local-2388-c17 position-relative\"><!----><!----> <span>TR50<\/span><\/a>\n                  <\/span>\n                <\/div>\n              <\/div>\n              <div data-colibri-id=\"2388-c18\" class=\"h-x-container style-695 style-local-2388-c18 position-relative h-element\">\n                <!---->\n                <div class=\"h-x-container-inner style-dynamic-2388-c18-group style-695-spacing style-local-2388-c18-spacing\"><span class=\"h-link__outer style-696-outer style-local-2388-c19-outer d-inline-flex h-element\"><a h-use-smooth-scroll=\"true\" href=\"https:\/\/mazurskie.tropy.net\/wp-content\/uploads\/2022\/01\/MT2021_TR130_B_wariant.jpg\"  data-colibri-id=\"2388-c19\" class=\"d-flex w-100 align-items-center h-link style-696 style-local-2388-c19 position-relative\"><!----><!----> <span>TR130_zach\u00f3d<\/span><\/a>\n                  <\/span>\n                <\/div>\n              <\/div>\n              <div data-colibri-id=\"2388-c20\" class=\"h-x-container style-707 style-local-2388-c20 position-relative h-element\">\n                <!---->\n                <div class=\"h-x-container-inner style-dynamic-2388-c20-group style-707-spacing style-local-2388-c20-spacing\"><span class=\"h-link__outer style-708-outer style-local-2388-c21-outer d-inline-flex h-element\"><a h-use-smooth-scroll=\"true\" href=\"https:\/\/mazurskie.tropy.net\/wp-content\/uploads\/2022\/01\/MT2021_TR130_A_wariant.jpg\"  data-colibri-id=\"2388-c21\" class=\"d-flex w-100 align-items-center h-link style-708 style-local-2388-c21 position-relative\"><!----><!----> <span>TR 130_wsch\u00f3d<\/span><\/a>\n                  <\/span>\n                <\/div>\n              <\/div>\n            <\/div>\n          <\/div>\n        <\/div>\n      <\/div>\n    <\/div>\n  <\/div>\n<\/div>\n<div data-colibri-component=\"section\" data-colibri-id=\"2388-c22\" id=\"overlappable-2\" class=\"h-section h-section-global-spacing d-flex align-items-lg-center align-items-md-center align-items-center style-676 style-local-2388-c22 position-relative\">\n  <!---->\n  <!---->\n  <div class=\"h-section-grid-container h-section-boxed-container\">\n    <!---->\n    <div data-colibri-id=\"2388-c23\" class=\"h-row-container gutters-row-lg-2 gutters-row-md-0 gutters-row-2 gutters-row-v-lg-2 gutters-row-v-md-0 gutters-row-v-2 style-677 style-local-2388-c23 position-relative\">\n      <!---->\n      <div class=\"h-row justify-content-lg-center justify-content-md-center justify-content-center align-items-lg-stretch align-items-md-stretch align-items-stretch gutters-col-lg-2 gutters-col-md-0 gutters-col-2 gutters-col-v-lg-2 gutters-col-v-md-0 gutters-col-v-2\">\n        <!---->\n        <div class=\"h-column h-column-container d-flex h-col-lg-4 h-col-md-4 h-col-12 style-678-outer style-local-2388-c24-outer\">\n          <div data-colibri-id=\"2388-c24\" class=\"d-flex h-flex-basis h-column__inner h-px-lg-2 h-px-md-3 h-px-2 v-inner-lg-0 v-inner-md-3 v-inner-2 style-678 style-local-2388-c24 position-relative\">\n            <!---->\n            <!---->\n            <div class=\"w-100 h-y-container h-column__content h-column__v-align flex-basis-100 align-self-lg-start align-self-md-start align-self-start\">\n              <!---->\n              <div data-colibri-id=\"2388-c25\" class=\"h-icon style-679 style-local-2388-c25 position-relative h-element\">\n                <!----><span class=\"h-svg-icon h-icon__icon style-679-icon style-local-2388-c25-icon\"><!--Icon by Font Awesome (https:\/\/fontawesome.com)--><svg version=\"1.1\" xmlns=\"http:\/\/www.w3.org\/2000\/svg\" xmlns:xlink=\"http:\/\/www.w3.org\/1999\/xlink\" id=\"newspaper-o\" viewBox=\"0 0 2048 1896.0833\"><path d=\"M1024 512H640v384h384V512zm128 640v128H512v-128h640zm0-768v640H512V384h640zm640 768v128h-512v-128h512zm0-256v128h-512V896h512zm0-256v128h-512V640h512zm0-256v128h-512V384h512zM256 1344V384H128v960q0 26 19 45t45 19 45-19 19-45zm1664 0V256H384v1088q0 33-11 64h1483q26 0 45-19t19-45zm128-1216v1216q0 80-56 136t-136 56H192q-80 0-136-56T0 1344V256h256V128h1792z\"><\/path><\/svg><\/span><\/div>\n              <div\n                data-colibri-id=\"2388-c26\" class=\"h-global-transition-all h-heading style-680 style-local-2388-c26 position-relative h-element\">\n                <!---->\n                <div class=\"h-heading__outer style-680 style-local-2388-c26\">\n                  <!---->\n                  <!---->\n                  <h5 class=\"\">RELACJE<\/h5>\n                <\/div>\n            <\/div>\n            <div data-colibri-id=\"2388-c27\" class=\"h-x-container style-701 style-local-2388-c27 position-relative h-element\">\n              <!---->\n              <div class=\"h-x-container-inner style-dynamic-2388-c27-group style-701-spacing style-local-2388-c27-spacing\"><span class=\"h-link__outer style-702-outer style-local-2388-c28-outer d-inline-flex h-element\"><a h-use-smooth-scroll=\"true\" href=\"https:\/\/www.youtube.com\/watch?v=5g3oX_kuFFk\"  data-colibri-id=\"2388-c28\" class=\"d-flex w-100 align-items-center h-link style-702 style-local-2388-c28 position-relative\"><!----><!----> <span>Wydry na TP50<\/span><\/a>\n                <\/span>\n              <\/div>\n            <\/div>\n            <div data-colibri-id=\"2388-c29\" class=\"h-x-container style-709 style-local-2388-c29 position-relative h-element\">\n              <!---->\n              <div class=\"h-x-container-inner style-dynamic-2388-c29-group style-709-spacing style-local-2388-c29-spacing\"><span class=\"h-link__outer style-710-outer style-local-2388-c30-outer d-inline-flex h-element\"><a h-use-smooth-scroll=\"true\" href=\"https:\/\/olsztyn.tvp.pl\/54310961\/mazurskie-tropy-kilkaset-osob-wzielo-udzial-w-biegu-na-orientacje\"  data-colibri-id=\"2388-c30\" class=\"d-flex w-100 align-items-center h-link style-710 style-local-2388-c30 position-relative\"><!----><!----> <span>Relacja TVP Olsztyn<\/span><\/a>\n                <\/span>\n              <\/div>\n            <\/div>\n            <div data-colibri-id=\"2388-c31\" class=\"h-x-container style-711 style-local-2388-c31 position-relative h-element\">\n              <!---->\n              <div class=\"h-x-container-inner style-dynamic-2388-c31-group style-711-spacing style-local-2388-c31-spacing\"><span class=\"h-link__outer style-712-outer style-local-2388-c32-outer d-inline-flex h-element\"><a h-use-smooth-scroll=\"true\" href=\"http:\/\/3drerun.worldofo.com\/2d\/index.php?idmult[0]=-16859345&amp;idmult[1]=-16858825&amp;idmult[2]=-16858740&amp;idmult[3]=-16858596&amp;fbclid=IwAR1P7FkLuJWRXRMYcVxCqF3rrYQB3fnu8NltNWDwDAM02lrXnvx-0LJeFY8\"  data-colibri-id=\"2388-c32\" class=\"d-flex w-100 align-items-center h-link style-712 style-local-2388-c32 position-relative\"><!----><!----> <span>\u015alady 3drerun<\/span><\/a>\n                <\/span>\n              <\/div>\n            <\/div>\n          <\/div>\n        <\/div>\n      <\/div>\n      <div class=\"h-column h-column-container d-flex h-col-lg-4 h-col-md-4 h-col-12 style-678-outer style-local-2388-c33-outer\">\n        <div data-colibri-id=\"2388-c33\" class=\"d-flex h-flex-basis h-column__inner h-px-lg-2 h-px-md-3 h-px-2 v-inner-lg-0 v-inner-md-3 v-inner-2 style-678 style-local-2388-c33 position-relative\">\n          <!---->\n          <!---->\n          <div class=\"w-100 h-y-container h-column__content h-column__v-align flex-basis-100 align-self-lg-start align-self-md-start align-self-start\">\n            <!---->\n            <div data-colibri-id=\"2388-c34\" class=\"h-icon style-679 style-local-2388-c34 position-relative h-element\">\n              <!----><span class=\"h-svg-icon h-icon__icon style-679-icon style-local-2388-c34-icon\"><!--Icon by Font Awesome (https:\/\/fontawesome.com)--><svg version=\"1.1\" xmlns=\"http:\/\/www.w3.org\/2000\/svg\" xmlns:xlink=\"http:\/\/www.w3.org\/1999\/xlink\" id=\"photo\" viewBox=\"0 0 1920 1896.0833\"><path d=\"M640 576q0 80-56 136t-136 56-136-56-56-136 56-136 136-56 136 56 56 136zm1024 384v448H256v-192l320-320 160 160 512-512zm96-704H160q-13 0-22.5 9.5T128 288v1216q0 13 9.5 22.5t22.5 9.5h1600q13 0 22.5-9.5t9.5-22.5V288q0-13-9.5-22.5T1760 256zm160 32v1216q0 66-47 113t-113 47H160q-66 0-113-47T0 1504V288q0-66 47-113t113-47h1600q66 0 113 47t47 113z\"><\/path><\/svg><\/span><\/div>\n            <div\n              data-colibri-id=\"2388-c35\" class=\"h-global-transition-all h-heading style-680 style-local-2388-c35 position-relative h-element\">\n              <!---->\n              <div class=\"h-heading__outer style-680 style-local-2388-c35\">\n                <!---->\n                <!---->\n                <h5 class=\"\">GALERIA<\/h5>\n              <\/div>\n          <\/div>\n          <div data-colibri-id=\"2388-c36\" class=\"h-x-container style-713 style-local-2388-c36 position-relative h-element\">\n            <!---->\n            <div class=\"h-x-container-inner style-dynamic-2388-c36-group style-713-spacing style-local-2388-c36-spacing\"><span class=\"h-link__outer style-714-outer style-local-2388-c37-outer d-inline-flex h-element\"><a h-use-smooth-scroll=\"true\" href=\"https:\/\/www.facebook.com\/media\/set\/?vanity=MazurskieTropy&amp;set=a.1914132208746990\"  data-colibri-id=\"2388-c37\" class=\"d-flex w-100 align-items-center h-link style-714 style-local-2388-c37 position-relative\"><!----><!----> <span>Galeria \u2013 wst\u0119p<\/span><\/a>\n              <\/span>\n            <\/div>\n          <\/div>\n          <div data-colibri-id=\"2388-c38\" class=\"h-x-container style-715 style-local-2388-c38 position-relative h-element\">\n            <!---->\n            <div class=\"h-x-container-inner style-dynamic-2388-c38-group style-715-spacing style-local-2388-c38-spacing\"><span class=\"h-link__outer style-716-outer style-local-2388-c39-outer d-inline-flex h-element\"><a h-use-smooth-scroll=\"true\" href=\"https:\/\/www.facebook.com\/media\/set\/?vanity=MazurskieTropy&amp;set=a.1914936695333208\"  data-colibri-id=\"2388-c39\" class=\"d-flex w-100 align-items-center h-link style-716 style-local-2388-c39 position-relative\"><!----><!----> <span>Galeria zdj\u0119\u0107 Mazurskie Tropy 2021<\/span><\/a>\n              <\/span>\n            <\/div>\n          <\/div>\n        <\/div>\n      <\/div>\n    <\/div>\n  <\/div>\n<\/div>\n<\/div>\n<\/div>\n<\/div>","protected":false},"excerpt":{"rendered":"<p>WYNIKI Wyniki ostateczne MAPY TP25 TP50 TR50 TR130_zach\u00f3d TR 130_wsch\u00f3d RELACJE Wydry na TP50 Relacja TVP Olsztyn \u015alady 3drerun GALERIA Galeria \u2013 wst\u0119p Galeria zdj\u0119\u0107 Mazurskie Tropy 2021<\/p>\n","protected":false},"author":1,"featured_media":0,"parent":0,"menu_order":0,"comment_status":"closed","ping_status":"closed","template":"page-templates\/full-width-page.php","meta":[],"_links":{"self":[{"href":"https:\/\/mazurskie.tropy.net\/index.php\/wp-json\/wp\/v2\/pages\/2388"}],"collection":[{"href":"https:\/\/mazurskie.tropy.net\/index.php\/wp-json\/wp\/v2\/pages"}],"about":[{"href":"https:\/\/mazurskie.tropy.net\/index.php\/wp-json\/wp\/v2\/types\/page"}],"author":[{"embeddable":true,"href":"https:\/\/mazurskie.tropy.net\/index.php\/wp-json\/wp\/v2\/users\/1"}],"replies":[{"embeddable":true,"href":"https:\/\/mazurskie.tropy.net\/index.php\/wp-json\/wp\/v2\/comments?post=2388"}],"version-history":[{"count":20,"href":"https:\/\/mazurskie.tropy.net\/index.php\/wp-json\/wp\/v2\/pages\/2388\/revisions"}],"predecessor-version":[{"id":2913,"href":"https:\/\/mazurskie.tropy.net\/index.php\/wp-json\/wp\/v2\/pages\/2388\/revisions\/2913"}],"wp:attachment":[{"href":"https:\/\/mazurskie.tropy.net\/index.php\/wp-json\/wp\/v2\/media?parent=2388"}],"curies":[{"name":"wp","href":"https:\/\/api.w.org\/{rel}","templated":true}]}}