{"id":73,"date":"2021-01-07T00:19:40","date_gmt":"2021-01-06T23:19:40","guid":{"rendered":"http:\/\/mazurskie.tropy.net\/?page_id=73"},"modified":"2026-03-23T14:49:43","modified_gmt":"2026-03-23T13:49:43","slug":"zapisy","status":"publish","type":"page","link":"https:\/\/mazurskie.tropy.net\/index.php\/zapisy\/","title":{"rendered":"Zapisy"},"content":{"rendered":"\n<p><mark style=\"background-color:rgba(0, 0, 0, 0)\" class=\"has-inline-color has-colibri-color-6-color\">Aby si\u0119 zapisa\u0107 na Mazurskie Tropy 2026, wejd\u017a w zak\u0142adk\u0119 <strong>Rejestracja<\/strong> (aktywna od 1.04. godz. 15.00).<\/mark><\/p>\n\n\n\n<p><\/p>\n","protected":false},"excerpt":{"rendered":"<p>Aby si\u0119 zapisa\u0107 na Mazurskie Tropy 2026, wejd\u017a w zak\u0142adk\u0119 Rejestracja (aktywna od 1.04. godz. 15.00).<\/p>\n","protected":false},"author":1,"featured_media":0,"parent":0,"menu_order":0,"comment_status":"closed","ping_status":"closed","template":"","meta":[],"_links":{"self":[{"href":"https:\/\/mazurskie.tropy.net\/index.php\/wp-json\/wp\/v2\/pages\/73"}],"collection":[{"href":"https:\/\/mazurskie.tropy.net\/index.php\/wp-json\/wp\/v2\/pages"}],"about":[{"href":"https:\/\/mazurskie.tropy.net\/index.php\/wp-json\/wp\/v2\/types\/page"}],"author":[{"embeddable":true,"href":"https:\/\/mazurskie.tropy.net\/index.php\/wp-json\/wp\/v2\/users\/1"}],"replies":[{"embeddable":true,"href":"https:\/\/mazurskie.tropy.net\/index.php\/wp-json\/wp\/v2\/comments?post=73"}],"version-history":[{"count":4,"href":"https:\/\/mazurskie.tropy.net\/index.php\/wp-json\/wp\/v2\/pages\/73\/revisions"}],"predecessor-version":[{"id":5333,"href":"https:\/\/mazurskie.tropy.net\/index.php\/wp-json\/wp\/v2\/pages\/73\/revisions\/5333"}],"wp:attachment":[{"href":"https:\/\/mazurskie.tropy.net\/index.php\/wp-json\/wp\/v2\/media?parent=73"}],"curies":[{"name":"wp","href":"https:\/\/api.w.org\/{rel}","templated":true}]}}